{"id":1311,"date":"2020-01-10T14:09:27","date_gmt":"2020-01-10T13:09:27","guid":{"rendered":"https:\/\/www.klausmaerker.de\/wordpress\/?page_id=1311"},"modified":"2023-06-29T11:46:38","modified_gmt":"2023-06-29T09:46:38","slug":"home","status":"publish","type":"page","link":"https:\/\/www.klausmaerker.de\/","title":{"rendered":"Home"},"content":{"rendered":"\r\n<p style=\"text-align: center;\"><span style=\"font-family: 'comic sans ms', sans-serif; font-size: 18pt; color: #333399;\">Ich begr\u00fc\u00dfe Sie sehr herzlich \u2665<\/span><br \/><span style=\"font-family: 'comic sans ms', sans-serif; font-size: 14pt; color: #333399;\"> KommenSie herein!<\/span><\/p>\r\n<blockquote>\r\n<p style=\"text-align: left;\"><span style=\"font-family: 'comic sans ms', sans-serif; font-size: 14pt; color: #333399;\"><br \/><\/span><span style=\"color: #000080; font-family: 'comic sans ms', sans-serif;\"><span style=\"font-size: 18pt;\"><strong>D<\/strong><\/span>iese private Webseite dient\u00a0 in erster Linie dazu, meine auf den Festplatten verstaubenden Fotos zu verwenden und extern zu sichern.<\/span><br \/><span style=\"color: #000080; font-family: 'comic sans ms', sans-serif;\">Im Laufe der Jahre habe ich hin und wieder einmal einige Zeilen zu Papier gebracht. <br \/><\/span><span style=\"color: #000080; font-family: 'comic sans ms', sans-serif;\">Oder besser: In den PC getippt und nie gel\u00f6scht.<\/span><br \/><span style=\"color: #000080; font-family: 'comic sans ms', sans-serif;\">Beim Durchforsten meiner Festplatten habe ich sie wiederentdeckt. Jetzt haben sie hier ihren Platz, zum Wegwerfen zu schade&#8230;.<\/span><br \/><span style=\"color: #000080; font-family: 'comic sans ms', sans-serif;\">Schauen Sie sich um. Und wenn Sie mir etwas mitteilen wollen, gibt es daf\u00fcr ein\u00a0 SSL &#8211; verschl\u00fcsseltes <\/span><a href=\"https:\/\/www.klausmaerker.de\/index.php\/kontakt\/\"><span style=\"font-family: 'comic sans ms', sans-serif;\">Kontaktformular<\/span><span style=\"color: #000080; font-family: 'comic sans ms', sans-serif;\">. Nur zu \u21d2<\/span><\/a><\/p>\r\n<\/blockquote>\r\n<hr \/>\r\n<h6 style=\"color: #17abea; font-size: 14px; text-align: left;\"><span style=\"color: #000080; font-family: 'comic sans ms', sans-serif;\">Oft bin ich gefragt worden weshalb ich denn eine eigene Webseite n\u00f6tig h\u00e4tte. Nun, Jean Paul hat\u2019s schon vor dem Web-Zeitalter gewusst. (Siehe unten) <\/span><br \/><span style=\"color: #000080; font-family: 'comic sans ms', sans-serif;\">Dar\u00fcber hinaus gibt es viele weitere Gr\u00fcnde eine eigene Webseite zu gestalten. F\u00fcr mich ist es eine M\u00f6glichkeit mich mit der Technik eines CM-Systems zu besch\u00e4ftigen. Schwierig genug, wenn man Laie ist. Aber auch einige Fotos aus dem Berg von digitalem Bits und Bytes-M\u00fcll, der sich \u00fcber die Jahre auf meinen Festplatten angesammelt hat herauszusuchen und sie auf diese Weise noch mal zu verwerten. Auf einen Besucherz\u00e4hler habe ich wohlweislich verzichtet, denn wer findet hier schon hin?<br \/><\/span><\/h6>\r\n<hr \/>\r\n<h6 style=\"text-align: left;\"><span style=\"font-family: 'comic sans ms', sans-serif; font-size: 10pt; color: #000080;\">Meine analogen Fotos befinden sich als &#8222;Abz\u00fcge&#8220; in Fotoalben im B\u00fccherschrank und viele Negative dazu befinden sich in mehr oder weniger gut geordneten in Sichth\u00fcllen in einem Ordner. Digital geknipst habe ich erstmals 1999 soweit ich mich erinnern kann. <\/span><br \/><span style=\"font-family: 'comic sans ms', sans-serif; font-size: 10pt; color: #000080;\">Damals war die Aufl\u00f6sung (Zahl der Pixel) noch echt schwach und ich meine mich zu erinnern, dass man dieser art der Fotografie wenig Chancen zurechnete. Weit gefehlt! Die Verbesserung der Chips in den Kameras verlief rasant. Heute hat ein Handy schon bessere Qualit\u00e4t als fr\u00fchere teuere Digitalkameras.\u00a0<\/span><br \/><span style=\"font-family: 'comic sans ms', sans-serif; font-size: 10pt; color: #000080;\">Da ich\u00a0mich\u00a0heute, nach \u00fcber 20 Jahren, nicht mehr genau an alle\u00a0 Orte und Zeit erinnern kann an denen meine Bilder entstanden, habe ich mich dazu entschieden, diese nach den Orten einzubauen, an denen ich sie &#8222;geknipps&#8220; habe und sie auch nicht n\u00e4her zu bezeichnen.\u00a0<\/span><\/h6>\r\n<h6 style=\"text-align: left;\"><span style=\"font-family: 'comic sans ms', sans-serif; font-size: 10pt; color: #000080;\">Sollte ein\/e Besucher\/in\u00a0 wissen wollen &#8222;Wo Was Wann Wie&#8220; ein Bild entstanden ist, kann er\/sie ja mittels Kontaktform mal fragen, mir wird dann n\u00e4heres dazu sicher einfallen!\u00a0\u00a0<\/span><br \/><span style=\"font-family: 'comic sans ms', sans-serif; font-size: 10pt; color: #000080;\">Herzlich Willkommen!<\/span><\/h6>\r\n\r\n\r\n","protected":false},"excerpt":{"rendered":"<p>Ich begr\u00fc\u00dfe Sie sehr herzlich \u2665 KommenSie herein! Diese private Webseite dient\u00a0 in erster Linie dazu, meine auf den Festplatten verstaubenden Fotos zu verwenden und extern zu sichern.Im Laufe der Jahre habe ich hin und wieder einmal einige Zeilen zu Papier gebracht. Oder besser: In den PC getippt und nie gel\u00f6scht.Beim Durchforsten meiner Festplatten habe&#8230;<\/p>\n","protected":false},"author":1,"featured_media":0,"parent":0,"menu_order":0,"comment_status":"closed","ping_status":"closed","template":"","meta":{"footnotes":""},"class_list":["post-1311","page","type-page","status-publish","hentry"],"jetpack_sharing_enabled":true,"_links":{"self":[{"href":"https:\/\/www.klausmaerker.de\/index.php\/wp-json\/wp\/v2\/pages\/1311","targetHints":{"allow":["GET"]}}],"collection":[{"href":"https:\/\/www.klausmaerker.de\/index.php\/wp-json\/wp\/v2\/pages"}],"about":[{"href":"https:\/\/www.klausmaerker.de\/index.php\/wp-json\/wp\/v2\/types\/page"}],"author":[{"embeddable":true,"href":"https:\/\/www.klausmaerker.de\/index.php\/wp-json\/wp\/v2\/users\/1"}],"replies":[{"embeddable":true,"href":"https:\/\/www.klausmaerker.de\/index.php\/wp-json\/wp\/v2\/comments?post=1311"}],"version-history":[{"count":0,"href":"https:\/\/www.klausmaerker.de\/index.php\/wp-json\/wp\/v2\/pages\/1311\/revisions"}],"wp:attachment":[{"href":"https:\/\/www.klausmaerker.de\/index.php\/wp-json\/wp\/v2\/media?parent=1311"}],"curies":[{"name":"wp","href":"https:\/\/api.w.org\/{rel}","templated":true}]}}